{"id":568,"date":"2022-12-12T02:31:16","date_gmt":"2022-12-12T02:31:16","guid":{"rendered":"https:\/\/ecocleanshop.vn\/?post_type=product&#038;p=568"},"modified":"2023-02-07T01:33:16","modified_gmt":"2023-02-07T01:33:16","slug":"mieng-dan-khu-mui-nha-ve-sinh-curve-fresher-nhap-khau-my","status":"publish","type":"product","link":"https:\/\/ecocleanshop.vn\/ch\/product\/mieng-dan-khu-mui-nha-ve-sinh-curve-fresher-nhap-khau-my\/","title":{"rendered":"Mi\u1ebfng D\u00e1n Kh\u1eed M\u00f9i Ti\u1ec7n L\u1ee3i Curve Fresher"},"content":{"rendered":"<p>Mi\u1ebfng d\u00e1n kh\u1eed m\u00f9i Curve Fresher l\u00e0 s\u1ea3n ph\u1ea9m kh\u1eed m\u00f9i th\u1ebf h\u1ec7 m\u1edbi, thi\u1ebft k\u1ebf nh\u1ecf g\u1ecdn, c\u00f3 th\u1ec3 d\u1ec5 d\u00e0ng s\u1eed d\u1ee5ng trong nh\u00e0 v\u1ec7 sinh, nh\u00e0 b\u1ebfp,&#8230; gi\u00fap kh\u1eed m\u00f9i, t\u1ecfa h\u01b0\u01a1ng th\u01a1m t\u01b0\u01a1i m\u00e1t v\u00e0 l\u01b0u h\u01b0\u01a1ng d\u00e0i l\u00e2u l\u00ean \u0111\u1ebfn 30 ng\u00e0y ho\u1eb7c h\u01a1n th\u1ebf n\u1eefa.<\/p>\n<p><b>\u01afu \u0111i\u1ec3m v\u01b0\u1ee3t tr\u1ed9i c\u1ee7a Curve Fresher:<\/b><\/p>\n<p><span style=\"font-weight: 400;\">&#8211; Kh\u1eed tri\u1ec7t \u0111\u1ec3 m\u00f9i h\u00f4i trong gian: ph\u00f2ng ng\u1ee7, ph\u00f2ng kh\u00e1ch, nh\u00e0 v\u1ec7 sinh\u2026<\/span><\/p>\n<p><span style=\"font-weight: 400;\">&#8211; Ho\u00e0n h\u1ea3o cho c\u00e1c \u0111i\u1ec3m kh\u00f3 kh\u0103n ho\u1eb7c b\u1ea5t k\u1ef3 khu v\u1ef1c n\u00e0o c\u1ea7n x\u1eed l\u00fd m\u00f9i. Mi\u1ebfng d\u00e1n kh\u1eed m\u00f9i nh\u00e0 v\u1ec7 sinh Curve Fresher \u0111i k\u00e8m v\u1edbi m\u1ed9t c\u00e1i m\u00f3c nh\u1ef1a d\u00ednh v\u00e0o b\u1ea5t k\u1ef3 b\u1ec1 m\u1eb7t ph\u1eb3ng n\u00e0o v\u00e0 kh\u00f4ng c\u1ea7n ph\u1ea3i \u0111\u01b0\u1ee3c thay th\u1ebf sau khi n\u00f3 \u0111\u01b0\u1ee3c l\u1eafp \u0111\u1eb7t.\u00a0<\/span><\/p>\n<p><span style=\"font-weight: 400;\">&#8211;<\/span><span style=\"font-weight: 400;\"> L\u01b0u h\u01b0\u01a1ng l\u00e2u trong kh\u00f4ng gian kho\u1ea3ng 60 ng\u00e0y v\u00e0 h\u01a1n th\u1ebf n\u1eefa.<\/span><\/p>\n<p><b>C\u00e1ch s\u1eed d\u1ee5ng mi\u1ebfng d\u00e1n kh\u1eed m\u00f9i nh\u00e0 v\u1ec7 sinh Curve Fresher<\/b><\/p>\n<p><span style=\"font-weight: 400;\">\ufe0f- Tr\u01b0\u1edbc khi s\u1eed d\u1ee5ng, h\u00e3y l\u1eafp ph\u1ea7n \u0111\u1ebf c\u00f3 keo d\u00e1n v\u00e0o mi\u1ebfng l\u01b0\u1edbi.\u00a0<\/span><\/p>\n<p><span style=\"font-weight: 400;\">\ufe0f- Sau \u0111\u00f3, nh\u1eefng g\u00ec b\u1ea1n c\u1ea7n ch\u1ec9 l\u00e0 b\u00f3c l\u1edbp keo b\u00ean d\u01b0\u1edbi \u0111\u1ebf v\u00e0 d\u00e1n l\u00ean m\u1ecdi n\u01a1i b\u1ea1n mu\u1ed1n kh\u1eed m\u00f9i.\u00a0<\/span><\/p>\n<p><b>Th\u00f4ng s\u1ed1 k\u1ef9 thu\u1eadt:\u00a0<\/b><\/p>\n<ul>\n<li style=\"font-weight: 400;\" aria-level=\"1\"><span style=\"font-weight: 400;\">Th\u00e0nh ph\u1ea7n:Ethylene-vinyl Acetate Copolymer, h\u01b0\u01a1ng t\u1ed5ng h\u1ee3p<\/span><\/li>\n<li style=\"font-weight: 400;\" aria-level=\"1\"><span style=\"font-weight: 400;\">Xu\u1ea5t x\u1ee9: USA<\/span><\/li>\n<li style=\"font-weight: 400;\" aria-level=\"1\"><span style=\"font-weight: 400;\">M\u00f9i h\u01b0\u01a1ng:<\/span><\/li>\n<\/ul>\n<p><span style=\"font-weight: 400;\">\u2756Xanh l\u00e1 c\u00e2y: H\u01b0\u01a1ng d\u01b0a l\u01b0\u1edbi<\/span><\/p>\n<p><span style=\"font-weight: 400;\">\u2756Xanh d\u01b0\u01a1ng: H\u01b0\u01a1ng hoa bi\u1ec3n<\/span><\/p>\n<p><span style=\"font-weight: 400;\">\u2756<\/span>M\u00e0u t\u00edm: H\u01b0\u01a1ng O\u1ea3i H\u01b0\u01a1ng<\/p>\n","protected":false},"excerpt":{"rendered":"<p>Mi\u1ebfng d\u00e1n kh\u1eed m\u00f9i Curve Fresher l\u00e0 s\u1ea3n ph\u1ea9m kh\u1eed m\u00f9i th\u1ebf h\u1ec7 m\u1edbi, thi\u1ebft k\u1ebf nh\u1ecf g\u1ecdn, c\u00f3 th\u1ec3 d\u1ec5 d\u00e0ng s\u1eed d\u1ee5ng trong nh\u00e0 v\u1ec7 sinh, nh\u00e0 b\u1ebfp,&#8230; gi\u00fap kh\u1eed m\u00f9i, t\u1ecfa h\u01b0\u01a1ng th\u01a1m t\u01b0\u01a1i m\u00e1t v\u00e0 l\u01b0u h\u01b0\u01a1ng d\u00e0i l\u00e2u l\u00ean \u0111\u1ebfn 30 ng\u00e0y ho\u1eb7c h\u01a1n th\u1ebf n\u1eefa.<\/p>\n","protected":false},"featured_media":1268,"template":"","meta":[],"product_cat":[195,189],"product_tag":[111,77,190,110],"class_list":["post-568","product","type-product","status-publish","has-post-thumbnail","hentry","product_cat-195","product_cat-189","product_tag-khu-mui","product_tag-khu-mui-nha-ve-sinh","product_tag-khu-mui-wc-tu-giay-tu-quan-ao","product_tag-mieng-dan-khu-mui"],"yoast_head":"<!-- This site is optimized with the Yoast SEO plugin v20.5 - https:\/\/yoast.com\/wordpress\/plugins\/seo\/ -->\n<title>Mi\u1ebfng D\u00e1n Kh\u1eed M\u00f9i Ti\u1ec7n L\u1ee3i Curve Fresher<\/title>\n<meta name=\"description\" content=\"Mi\u1ebfng d\u00e1n kh\u1eed m\u00f9i Curve Fresher l\u00e0 s\u1ea3n ph\u1ea9m kh\u1eed m\u00f9i th\u1ebf h\u1ec7 m\u1edbi, thi\u1ebft k\u1ebf nh\u1ecf g\u1ecdn, c\u00f3 th\u1ec3 d\u1ec5 d\u00e0ng s\u1eed d\u1ee5ng trong nh\u00e0 v\u1ec7 sinh, nh\u00e0 b\u1ebfp.\" \/>\n<meta name=\"robots\" content=\"index, follow, max-snippet:-1, max-image-preview:large, max-video-preview:-1\" \/>\n<link rel=\"canonical\" href=\"https:\/\/ecocleanshop.vn\/ch\/product\/mieng-dan-khu-mui-nha-ve-sinh-curve-fresher-nhap-khau-my\/\" \/>\n<meta property=\"og:locale\" content=\"en_US\" \/>\n<meta property=\"og:type\" content=\"article\" \/>\n<meta property=\"og:title\" content=\"Mi\u1ebfng D\u00e1n Kh\u1eed M\u00f9i Ti\u1ec7n L\u1ee3i Curve Fresher\" \/>\n<meta property=\"og:description\" content=\"Mi\u1ebfng d\u00e1n kh\u1eed m\u00f9i Curve Fresher l\u00e0 s\u1ea3n ph\u1ea9m kh\u1eed m\u00f9i th\u1ebf h\u1ec7 m\u1edbi, thi\u1ebft k\u1ebf nh\u1ecf g\u1ecdn, c\u00f3 th\u1ec3 d\u1ec5 d\u00e0ng s\u1eed d\u1ee5ng trong nh\u00e0 v\u1ec7 sinh, nh\u00e0 b\u1ebfp.\" \/>\n<meta property=\"og:url\" content=\"https:\/\/ecocleanshop.vn\/ch\/product\/mieng-dan-khu-mui-nha-ve-sinh-curve-fresher-nhap-khau-my\/\" \/>\n<meta property=\"og:site_name\" content=\"EcoClean Vietnam\" \/>\n<meta property=\"article:modified_time\" content=\"2023-02-07T01:33:16+00:00\" \/>\n<meta property=\"og:image\" content=\"https:\/\/ecocleanshop.vn\/ch\/wp-content\/uploads\/2022\/12\/Fresh-Curve.png\" \/>\n\t<meta property=\"og:image:width\" content=\"1200\" \/>\n\t<meta property=\"og:image:height\" content=\"1200\" \/>\n\t<meta property=\"og:image:type\" content=\"image\/png\" \/>\n<meta name=\"twitter:card\" content=\"summary_large_image\" \/>\n<meta name=\"twitter:label1\" content=\"Est. reading time\" \/>\n\t<meta name=\"twitter:data1\" content=\"1 minute\" \/>\n<script type=\"application\/ld+json\" class=\"yoast-schema-graph\">{\"@context\":\"https:\/\/schema.org\",\"@graph\":[{\"@type\":\"WebPage\",\"@id\":\"https:\/\/ecocleanshop.vn\/ch\/product\/mieng-dan-khu-mui-nha-ve-sinh-curve-fresher-nhap-khau-my\/\",\"url\":\"https:\/\/ecocleanshop.vn\/ch\/product\/mieng-dan-khu-mui-nha-ve-sinh-curve-fresher-nhap-khau-my\/\",\"name\":\"Mi\u1ebfng D\u00e1n Kh\u1eed M\u00f9i Ti\u1ec7n L\u1ee3i Curve Fresher\",\"isPartOf\":{\"@id\":\"https:\/\/ecocleanshop.vn\/ch\/#website\"},\"datePublished\":\"2022-12-12T02:31:16+00:00\",\"dateModified\":\"2023-02-07T01:33:16+00:00\",\"description\":\"Mi\u1ebfng d\u00e1n kh\u1eed m\u00f9i Curve Fresher l\u00e0 s\u1ea3n ph\u1ea9m kh\u1eed m\u00f9i th\u1ebf h\u1ec7 m\u1edbi, thi\u1ebft k\u1ebf nh\u1ecf g\u1ecdn, c\u00f3 th\u1ec3 d\u1ec5 d\u00e0ng s\u1eed d\u1ee5ng trong nh\u00e0 v\u1ec7 sinh, nh\u00e0 b\u1ebfp.\",\"breadcrumb\":{\"@id\":\"https:\/\/ecocleanshop.vn\/ch\/product\/mieng-dan-khu-mui-nha-ve-sinh-curve-fresher-nhap-khau-my\/#breadcrumb\"},\"inLanguage\":\"en-US\",\"potentialAction\":[{\"@type\":\"ReadAction\",\"target\":[\"https:\/\/ecocleanshop.vn\/ch\/product\/mieng-dan-khu-mui-nha-ve-sinh-curve-fresher-nhap-khau-my\/\"]}]},{\"@type\":\"BreadcrumbList\",\"@id\":\"https:\/\/ecocleanshop.vn\/ch\/product\/mieng-dan-khu-mui-nha-ve-sinh-curve-fresher-nhap-khau-my\/#breadcrumb\",\"itemListElement\":[{\"@type\":\"ListItem\",\"position\":1,\"name\":\"Home\",\"item\":\"https:\/\/ecocleanshop.vn\/ch\/\"},{\"@type\":\"ListItem\",\"position\":2,\"name\":\"\u4ea7\u54c1\",\"item\":\"https:\/\/ecocleanshop.vn\/ch\/shop\/\"},{\"@type\":\"ListItem\",\"position\":3,\"name\":\"Mi\u1ebfng D\u00e1n Kh\u1eed M\u00f9i Ti\u1ec7n L\u1ee3i Curve Fresher\"}]},{\"@type\":\"WebSite\",\"@id\":\"https:\/\/ecocleanshop.vn\/ch\/#website\",\"url\":\"https:\/\/ecocleanshop.vn\/ch\/\",\"name\":\"EcoClean Vietnam\",\"description\":\"\",\"potentialAction\":[{\"@type\":\"SearchAction\",\"target\":{\"@type\":\"EntryPoint\",\"urlTemplate\":\"https:\/\/ecocleanshop.vn\/ch\/?s={search_term_string}\"},\"query-input\":\"required name=search_term_string\"}],\"inLanguage\":\"en-US\"}]}<\/script>\n<!-- \/ Yoast SEO plugin. -->","yoast_head_json":{"title":"Mi\u1ebfng D\u00e1n Kh\u1eed M\u00f9i Ti\u1ec7n L\u1ee3i Curve Fresher","description":"Mi\u1ebfng d\u00e1n kh\u1eed m\u00f9i Curve Fresher l\u00e0 s\u1ea3n ph\u1ea9m kh\u1eed m\u00f9i th\u1ebf h\u1ec7 m\u1edbi, thi\u1ebft k\u1ebf nh\u1ecf g\u1ecdn, c\u00f3 th\u1ec3 d\u1ec5 d\u00e0ng s\u1eed d\u1ee5ng trong nh\u00e0 v\u1ec7 sinh, nh\u00e0 b\u1ebfp.","robots":{"index":"index","follow":"follow","max-snippet":"max-snippet:-1","max-image-preview":"max-image-preview:large","max-video-preview":"max-video-preview:-1"},"canonical":"https:\/\/ecocleanshop.vn\/ch\/product\/mieng-dan-khu-mui-nha-ve-sinh-curve-fresher-nhap-khau-my\/","og_locale":"en_US","og_type":"article","og_title":"Mi\u1ebfng D\u00e1n Kh\u1eed M\u00f9i Ti\u1ec7n L\u1ee3i Curve Fresher","og_description":"Mi\u1ebfng d\u00e1n kh\u1eed m\u00f9i Curve Fresher l\u00e0 s\u1ea3n ph\u1ea9m kh\u1eed m\u00f9i th\u1ebf h\u1ec7 m\u1edbi, thi\u1ebft k\u1ebf nh\u1ecf g\u1ecdn, c\u00f3 th\u1ec3 d\u1ec5 d\u00e0ng s\u1eed d\u1ee5ng trong nh\u00e0 v\u1ec7 sinh, nh\u00e0 b\u1ebfp.","og_url":"https:\/\/ecocleanshop.vn\/ch\/product\/mieng-dan-khu-mui-nha-ve-sinh-curve-fresher-nhap-khau-my\/","og_site_name":"EcoClean Vietnam","article_modified_time":"2023-02-07T01:33:16+00:00","og_image":[{"width":1200,"height":1200,"url":"https:\/\/ecocleanshop.vn\/ch\/wp-content\/uploads\/2022\/12\/Fresh-Curve.png","type":"image\/png"}],"twitter_card":"summary_large_image","twitter_misc":{"Est. reading time":"1 minute"},"schema":{"@context":"https:\/\/schema.org","@graph":[{"@type":"WebPage","@id":"https:\/\/ecocleanshop.vn\/ch\/product\/mieng-dan-khu-mui-nha-ve-sinh-curve-fresher-nhap-khau-my\/","url":"https:\/\/ecocleanshop.vn\/ch\/product\/mieng-dan-khu-mui-nha-ve-sinh-curve-fresher-nhap-khau-my\/","name":"Mi\u1ebfng D\u00e1n Kh\u1eed M\u00f9i Ti\u1ec7n L\u1ee3i Curve Fresher","isPartOf":{"@id":"https:\/\/ecocleanshop.vn\/ch\/#website"},"datePublished":"2022-12-12T02:31:16+00:00","dateModified":"2023-02-07T01:33:16+00:00","description":"Mi\u1ebfng d\u00e1n kh\u1eed m\u00f9i Curve Fresher l\u00e0 s\u1ea3n ph\u1ea9m kh\u1eed m\u00f9i th\u1ebf h\u1ec7 m\u1edbi, thi\u1ebft k\u1ebf nh\u1ecf g\u1ecdn, c\u00f3 th\u1ec3 d\u1ec5 d\u00e0ng s\u1eed d\u1ee5ng trong nh\u00e0 v\u1ec7 sinh, nh\u00e0 b\u1ebfp.","breadcrumb":{"@id":"https:\/\/ecocleanshop.vn\/ch\/product\/mieng-dan-khu-mui-nha-ve-sinh-curve-fresher-nhap-khau-my\/#breadcrumb"},"inLanguage":"en-US","potentialAction":[{"@type":"ReadAction","target":["https:\/\/ecocleanshop.vn\/ch\/product\/mieng-dan-khu-mui-nha-ve-sinh-curve-fresher-nhap-khau-my\/"]}]},{"@type":"BreadcrumbList","@id":"https:\/\/ecocleanshop.vn\/ch\/product\/mieng-dan-khu-mui-nha-ve-sinh-curve-fresher-nhap-khau-my\/#breadcrumb","itemListElement":[{"@type":"ListItem","position":1,"name":"Home","item":"https:\/\/ecocleanshop.vn\/ch\/"},{"@type":"ListItem","position":2,"name":"\u4ea7\u54c1","item":"https:\/\/ecocleanshop.vn\/ch\/shop\/"},{"@type":"ListItem","position":3,"name":"Mi\u1ebfng D\u00e1n Kh\u1eed M\u00f9i Ti\u1ec7n L\u1ee3i Curve Fresher"}]},{"@type":"WebSite","@id":"https:\/\/ecocleanshop.vn\/ch\/#website","url":"https:\/\/ecocleanshop.vn\/ch\/","name":"EcoClean Vietnam","description":"","potentialAction":[{"@type":"SearchAction","target":{"@type":"EntryPoint","urlTemplate":"https:\/\/ecocleanshop.vn\/ch\/?s={search_term_string}"},"query-input":"required name=search_term_string"}],"inLanguage":"en-US"}]}},"_links":{"self":[{"href":"https:\/\/ecocleanshop.vn\/ch\/wp-json\/wp\/v3\/product\/568","targetHints":{"allow":["GET"]}}],"collection":[{"href":"https:\/\/ecocleanshop.vn\/ch\/wp-json\/wp\/v3\/product"}],"about":[{"href":"https:\/\/ecocleanshop.vn\/ch\/wp-json\/wp\/v2\/types\/product"}],"wp:featuredmedia":[{"embeddable":true,"href":"https:\/\/ecocleanshop.vn\/ch\/wp-json\/wp\/v2\/media\/1268"}],"wp:attachment":[{"href":"https:\/\/ecocleanshop.vn\/ch\/wp-json\/wp\/v2\/media?parent=568"}],"wp:term":[{"taxonomy":"product_cat","embeddable":true,"href":"https:\/\/ecocleanshop.vn\/ch\/wp-json\/wp\/v2\/product_cat?post=568"},{"taxonomy":"product_tag","embeddable":true,"href":"https:\/\/ecocleanshop.vn\/ch\/wp-json\/wp\/v2\/product_tag?post=568"}],"curies":[{"name":"wp","href":"https:\/\/api.w.org\/{rel}","templated":true}]}}